{"id":642,"date":"2024-05-06T14:32:43","date_gmt":"2024-05-06T17:32:43","guid":{"rendered":"https:\/\/ebetcursos.com.br\/?post_type=product&#038;p=642"},"modified":"2026-04-03T16:16:02","modified_gmt":"2026-04-03T19:16:02","slug":"tecnico-em-transacoes-imobiliarias-tti","status":"publish","type":"product","link":"https:\/\/ebetcursos.com.br\/?product=tecnico-em-transacoes-imobiliarias-tti","title":{"rendered":"Curso T\u00e9cnico em Transa\u00e7\u00f5es Imobili\u00e1rias (TTI)"},"content":{"rendered":"<p>O Curso T\u00e9cnico de Transa\u00e7\u00f5es Imobili\u00e1rias \u00e9 uma forma\u00e7\u00e3o profissional voltada para capacitar indiv\u00edduos interessados em atuar no mercado imobili\u00e1rio como Corretores de Im\u00f3veis. Composto por nove m\u00f3dulos, al\u00e9m de um est\u00e1gio, esse curso oferece uma abordagem abrangente sobre os aspectos te\u00f3ricos e pr\u00e1ticos relacionados \u00e0 intermedia\u00e7\u00e3o de neg\u00f3cios imobili\u00e1rios.<\/p>\n<p>Ao longo dos m\u00f3dulos, os alunos aprendem sobre temas essenciais, como legisla\u00e7\u00e3o espec\u00edfica, t\u00e9cnicas de venda e loca\u00e7\u00e3o, avalia\u00e7\u00e3o de im\u00f3veis, marketing imobili\u00e1rio, gest\u00e3o de contratos, entre outros aspectos relevantes para o exerc\u00edcio da profiss\u00e3o. Por ser totalmente online, o curso proporciona flexibilidade de hor\u00e1rios e permite que os alunos conciliem os estudos com outras atividades.<\/p>\n<p>Ao completarem o curso, os participantes estar\u00e3o aptos a obter o registro junto ao Conselho Regional de Corretores de Im\u00f3veis (CRECI) e atuar legalmente como Corretores de Im\u00f3veis autorizados. Essa forma\u00e7\u00e3o oferece uma oportunidade promissora para aqueles que desejam ingressar em uma carreira din\u00e2mica e desafiadora no setor imobili\u00e1rio.<\/p>\n","protected":false},"excerpt":{"rendered":"<p>Capacite-se para o mercado imobili\u00e1rio! Fa\u00e7a o T\u00e9cnico em Transa\u00e7\u00f5es Imobili\u00e1rias e torne-se apto a ser um Corretor de Im\u00f3veis autorizado.<\/p>\n","protected":false},"featured_media":643,"comment_status":"open","ping_status":"closed","template":"","meta":[],"product_cat":[28],"product_tag":[],"class_list":{"0":"post-642","1":"product","2":"type-product","3":"status-publish","4":"has-post-thumbnail","6":"product_cat-curso-tecnico","8":"first","9":"instock","10":"shipping-taxable","11":"product-type-external"},"_links":{"self":[{"href":"https:\/\/ebetcursos.com.br\/index.php?rest_route=\/wp\/v2\/product\/642","targetHints":{"allow":["GET"]}}],"collection":[{"href":"https:\/\/ebetcursos.com.br\/index.php?rest_route=\/wp\/v2\/product"}],"about":[{"href":"https:\/\/ebetcursos.com.br\/index.php?rest_route=\/wp\/v2\/types\/product"}],"replies":[{"embeddable":true,"href":"https:\/\/ebetcursos.com.br\/index.php?rest_route=%2Fwp%2Fv2%2Fcomments&post=642"}],"wp:featuredmedia":[{"embeddable":true,"href":"https:\/\/ebetcursos.com.br\/index.php?rest_route=\/wp\/v2\/media\/643"}],"wp:attachment":[{"href":"https:\/\/ebetcursos.com.br\/index.php?rest_route=%2Fwp%2Fv2%2Fmedia&parent=642"}],"wp:term":[{"taxonomy":"product_cat","embeddable":true,"href":"https:\/\/ebetcursos.com.br\/index.php?rest_route=%2Fwp%2Fv2%2Fproduct_cat&post=642"},{"taxonomy":"product_tag","embeddable":true,"href":"https:\/\/ebetcursos.com.br\/index.php?rest_route=%2Fwp%2Fv2%2Fproduct_tag&post=642"}],"curies":[{"name":"wp","href":"https:\/\/api.w.org\/{rel}","templated":true}]}}