{"id":751,"date":"2024-07-26T14:58:58","date_gmt":"2024-07-26T17:58:58","guid":{"rendered":"https:\/\/ebetcursos.com.br\/?post_type=product&#038;p=751"},"modified":"2024-08-19T14:44:43","modified_gmt":"2024-08-19T17:44:43","slug":"curso-de-documentacao-imobiliaria","status":"publish","type":"product","link":"https:\/\/ebetcursos.com.br\/?product=curso-de-documentacao-imobiliaria","title":{"rendered":"Saiba tudo sobre Documenta\u00e7\u00e3o Imobili\u00e1ria"},"content":{"rendered":"<p>\ud83d\udcdd O que voc\u00ea vai explorar?<br \/>Situa\u00e7\u00e3o fiscal de im\u00f3veis<br \/>Certid\u00f5es fiscais<br \/>E muito mais!<\/p>\n<p>\ud83d\udd39 Por que voc\u00ea vai amar?<br \/>Estude do sof\u00e1: nosso curso \u00e9 totalmente online, perfeito para a sua rotina<br \/>Conte\u00fado atualizado: fique por dentro dos detalhes que fazem a diferen\u00e7a<br \/>Apoio quando precisar: nossa equipe est\u00e1 aqui para ajudar sempre que voc\u00ea tiver d\u00favidas<\/p>\n","protected":false},"excerpt":{"rendered":"<p>O Curso B\u00e1sico de Documenta\u00e7\u00e3o Imobili\u00e1ria \u00e9 a sua chance de dominar o assunto sem sair de casa! Com um ambiente 100% virtual e apenas 20 horas de conte\u00fado, voc\u00ea aprende no seu ritmo e de onde quiser.<\/p>\n","protected":false},"featured_media":772,"comment_status":"open","ping_status":"closed","template":"","meta":[],"product_cat":[31],"product_tag":[],"class_list":{"0":"post-751","1":"product","2":"type-product","3":"status-publish","4":"has-post-thumbnail","6":"product_cat-cursos-livres","8":"first","9":"instock","10":"shipping-taxable","11":"product-type-external"},"_links":{"self":[{"href":"https:\/\/ebetcursos.com.br\/index.php?rest_route=\/wp\/v2\/product\/751","targetHints":{"allow":["GET"]}}],"collection":[{"href":"https:\/\/ebetcursos.com.br\/index.php?rest_route=\/wp\/v2\/product"}],"about":[{"href":"https:\/\/ebetcursos.com.br\/index.php?rest_route=\/wp\/v2\/types\/product"}],"replies":[{"embeddable":true,"href":"https:\/\/ebetcursos.com.br\/index.php?rest_route=%2Fwp%2Fv2%2Fcomments&post=751"}],"wp:featuredmedia":[{"embeddable":true,"href":"https:\/\/ebetcursos.com.br\/index.php?rest_route=\/wp\/v2\/media\/772"}],"wp:attachment":[{"href":"https:\/\/ebetcursos.com.br\/index.php?rest_route=%2Fwp%2Fv2%2Fmedia&parent=751"}],"wp:term":[{"taxonomy":"product_cat","embeddable":true,"href":"https:\/\/ebetcursos.com.br\/index.php?rest_route=%2Fwp%2Fv2%2Fproduct_cat&post=751"},{"taxonomy":"product_tag","embeddable":true,"href":"https:\/\/ebetcursos.com.br\/index.php?rest_route=%2Fwp%2Fv2%2Fproduct_tag&post=751"}],"curies":[{"name":"wp","href":"https:\/\/api.w.org\/{rel}","templated":true}]}}