{"id":753,"date":"2024-07-26T15:24:27","date_gmt":"2024-07-26T18:24:27","guid":{"rendered":"https:\/\/ebetcursos.com.br\/?post_type=product&#038;p=753"},"modified":"2024-07-31T09:45:07","modified_gmt":"2024-07-31T12:45:07","slug":"o-dobro-de-vendas","status":"publish","type":"product","link":"https:\/\/ebetcursos.com.br\/?product=o-dobro-de-vendas","title":{"rendered":"O Dobro de Vendas: Entendendo a Jornada do Cliente"},"content":{"rendered":"\n<p>\ud83c\udfaf <strong>O que voc\u00ea vai aprender?<\/strong><br>T\u00e9cnicas para aumentar suas vendas<br>Estrat\u00e9gias para melhorar sua negocia\u00e7\u00e3o<br>Dicas para conquistar e fidelizar clientes<\/p>\n\n\n\n<p>\ud83d\udcbc <strong>Por que escolher este curso?<\/strong><br>Conte\u00fado direto ao ponto: sem enrola\u00e7\u00e3o, aprenda o que realmente importa<br>Flexibilidade total: estude quando e onde quiser<br>Resultados comprovados: aplicando as t\u00e9cnicas, voc\u00ea ver\u00e1 a diferen\u00e7a nas suas vendas<\/p>\n","protected":false},"excerpt":{"rendered":"<p>Esse curso foi criado para ajudar voc\u00ea a aprimorar suas habilidades e alcan\u00e7ar resultados incr\u00edveis. E o melhor de tudo? Voc\u00ea pode fazer isso de forma pr\u00e1tica e acess\u00edvel.<\/p>\n","protected":false},"featured_media":773,"comment_status":"open","ping_status":"closed","template":"","meta":[],"product_cat":[31],"product_tag":[],"class_list":{"0":"post-753","1":"product","2":"type-product","3":"status-publish","4":"has-post-thumbnail","6":"product_cat-cursos-livres","8":"first","9":"instock","10":"shipping-taxable","11":"product-type-external"},"_links":{"self":[{"href":"https:\/\/ebetcursos.com.br\/index.php?rest_route=\/wp\/v2\/product\/753","targetHints":{"allow":["GET"]}}],"collection":[{"href":"https:\/\/ebetcursos.com.br\/index.php?rest_route=\/wp\/v2\/product"}],"about":[{"href":"https:\/\/ebetcursos.com.br\/index.php?rest_route=\/wp\/v2\/types\/product"}],"replies":[{"embeddable":true,"href":"https:\/\/ebetcursos.com.br\/index.php?rest_route=%2Fwp%2Fv2%2Fcomments&post=753"}],"wp:featuredmedia":[{"embeddable":true,"href":"https:\/\/ebetcursos.com.br\/index.php?rest_route=\/wp\/v2\/media\/773"}],"wp:attachment":[{"href":"https:\/\/ebetcursos.com.br\/index.php?rest_route=%2Fwp%2Fv2%2Fmedia&parent=753"}],"wp:term":[{"taxonomy":"product_cat","embeddable":true,"href":"https:\/\/ebetcursos.com.br\/index.php?rest_route=%2Fwp%2Fv2%2Fproduct_cat&post=753"},{"taxonomy":"product_tag","embeddable":true,"href":"https:\/\/ebetcursos.com.br\/index.php?rest_route=%2Fwp%2Fv2%2Fproduct_tag&post=753"}],"curies":[{"name":"wp","href":"https:\/\/api.w.org\/{rel}","templated":true}]}}