{"id":866,"date":"2024-08-19T13:03:22","date_gmt":"2024-08-19T16:03:22","guid":{"rendered":"https:\/\/ebetcursos.com.br\/?post_type=product&#038;p=866"},"modified":"2024-08-19T13:37:30","modified_gmt":"2024-08-19T16:37:30","slug":"canva-bonus-capcut","status":"publish","type":"product","link":"https:\/\/ebetcursos.com.br\/?product=canva-bonus-capcut","title":{"rendered":"Canva + B\u00f4nus: CapCut"},"content":{"rendered":"","protected":false},"excerpt":{"rendered":"<p>Este curso visa ensinar o aluno alguns conceitos b\u00e1sicos do design e a utilizar a plataforma canva e suas diferentes ferramentas para a cria\u00e7\u00e3o de ebooks, artes para as redes sociais, artes para o youtube e muito mais.<\/p>\n","protected":false},"featured_media":867,"comment_status":"open","ping_status":"closed","template":"","meta":[],"product_cat":[33],"product_tag":[],"class_list":{"0":"post-866","1":"product","2":"type-product","3":"status-publish","4":"has-post-thumbnail","6":"product_cat-afiliacoes","8":"first","9":"instock","10":"shipping-taxable","11":"product-type-external"},"_links":{"self":[{"href":"https:\/\/ebetcursos.com.br\/index.php?rest_route=\/wp\/v2\/product\/866","targetHints":{"allow":["GET"]}}],"collection":[{"href":"https:\/\/ebetcursos.com.br\/index.php?rest_route=\/wp\/v2\/product"}],"about":[{"href":"https:\/\/ebetcursos.com.br\/index.php?rest_route=\/wp\/v2\/types\/product"}],"replies":[{"embeddable":true,"href":"https:\/\/ebetcursos.com.br\/index.php?rest_route=%2Fwp%2Fv2%2Fcomments&post=866"}],"wp:featuredmedia":[{"embeddable":true,"href":"https:\/\/ebetcursos.com.br\/index.php?rest_route=\/wp\/v2\/media\/867"}],"wp:attachment":[{"href":"https:\/\/ebetcursos.com.br\/index.php?rest_route=%2Fwp%2Fv2%2Fmedia&parent=866"}],"wp:term":[{"taxonomy":"product_cat","embeddable":true,"href":"https:\/\/ebetcursos.com.br\/index.php?rest_route=%2Fwp%2Fv2%2Fproduct_cat&post=866"},{"taxonomy":"product_tag","embeddable":true,"href":"https:\/\/ebetcursos.com.br\/index.php?rest_route=%2Fwp%2Fv2%2Fproduct_tag&post=866"}],"curies":[{"name":"wp","href":"https:\/\/api.w.org\/{rel}","templated":true}]}}