{"id":870,"date":"2024-08-19T13:38:57","date_gmt":"2024-08-19T16:38:57","guid":{"rendered":"https:\/\/ebetcursos.com.br\/?post_type=product&#038;p=870"},"modified":"2024-08-19T13:42:57","modified_gmt":"2024-08-19T16:42:57","slug":"curso-de-excel-avancado","status":"publish","type":"product","link":"https:\/\/ebetcursos.com.br\/?product=curso-de-excel-avancado","title":{"rendered":"Curso de Excel Avan\u00e7ado"},"content":{"rendered":"","protected":false},"excerpt":{"rendered":"<p>O Excel \u00e9 um programa de elabora\u00e7\u00e3o de planilhas, devido a sua flexibilidade \u00e9 utilizado em v\u00e1rias aplica\u00e7\u00f5es como planilhas administrativas, comerciais,<br \/>controle de estoques, entre outras, disponibilizando dados que servem para tomadas de decis\u00f5es. Fazer com o que o aluno que j\u00e1 utiliza o Excel possa se aprofundar em sua utiliza\u00e7\u00e3o, aprendendo recursos avan\u00e7ados que ir\u00e3o possibilitar o controle de dados atrav\u00e9s da elabora\u00e7\u00e3o de planilhas mais complexas.<\/p>\n","protected":false},"featured_media":871,"comment_status":"open","ping_status":"closed","template":"","meta":[],"product_cat":[33],"product_tag":[],"class_list":{"0":"post-870","1":"product","2":"type-product","3":"status-publish","4":"has-post-thumbnail","6":"product_cat-afiliacoes","8":"first","9":"instock","10":"shipping-taxable","11":"product-type-external"},"_links":{"self":[{"href":"https:\/\/ebetcursos.com.br\/index.php?rest_route=\/wp\/v2\/product\/870","targetHints":{"allow":["GET"]}}],"collection":[{"href":"https:\/\/ebetcursos.com.br\/index.php?rest_route=\/wp\/v2\/product"}],"about":[{"href":"https:\/\/ebetcursos.com.br\/index.php?rest_route=\/wp\/v2\/types\/product"}],"replies":[{"embeddable":true,"href":"https:\/\/ebetcursos.com.br\/index.php?rest_route=%2Fwp%2Fv2%2Fcomments&post=870"}],"wp:featuredmedia":[{"embeddable":true,"href":"https:\/\/ebetcursos.com.br\/index.php?rest_route=\/wp\/v2\/media\/871"}],"wp:attachment":[{"href":"https:\/\/ebetcursos.com.br\/index.php?rest_route=%2Fwp%2Fv2%2Fmedia&parent=870"}],"wp:term":[{"taxonomy":"product_cat","embeddable":true,"href":"https:\/\/ebetcursos.com.br\/index.php?rest_route=%2Fwp%2Fv2%2Fproduct_cat&post=870"},{"taxonomy":"product_tag","embeddable":true,"href":"https:\/\/ebetcursos.com.br\/index.php?rest_route=%2Fwp%2Fv2%2Fproduct_tag&post=870"}],"curies":[{"name":"wp","href":"https:\/\/api.w.org\/{rel}","templated":true}]}}