{"id":872,"date":"2024-08-19T13:40:25","date_gmt":"2024-08-19T16:40:25","guid":{"rendered":"https:\/\/ebetcursos.com.br\/?post_type=product&#038;p=872"},"modified":"2024-08-19T14:44:05","modified_gmt":"2024-08-19T17:44:05","slug":"excel-essencial","status":"publish","type":"product","link":"https:\/\/ebetcursos.com.br\/?product=excel-essencial","title":{"rendered":"Curso de Excel Essencial"},"content":{"rendered":"","protected":false},"excerpt":{"rendered":"<p>O Excel \u00e9 um programa de elabora\u00e7\u00e3o de planilhas, devido a sua flexibilidade \u00e9 utilizado em v\u00e1rias aplica\u00e7\u00f5es como planilhas administrativas, comerciais, controle de estoques, entre outras, disponibilizando dados que servem para tomadas de decis\u00f5es.<\/p>\n<p>Este curso procura ensinar o aluno iniciante a utilizar o Excel de maneira produtiva, onde o aluno construir\u00e1 as planilhas e aprender\u00e1 a utilizar as in\u00fameras ferramentas que o Excel disponibiliza para c\u00e1lculos, fun\u00e7\u00f5es e gr\u00e1ficos.<\/p>\n","protected":false},"featured_media":873,"comment_status":"open","ping_status":"closed","template":"","meta":[],"product_cat":[33],"product_tag":[],"class_list":{"0":"post-872","1":"product","2":"type-product","3":"status-publish","4":"has-post-thumbnail","6":"product_cat-afiliacoes","8":"first","9":"instock","10":"shipping-taxable","11":"product-type-external"},"_links":{"self":[{"href":"https:\/\/ebetcursos.com.br\/index.php?rest_route=\/wp\/v2\/product\/872","targetHints":{"allow":["GET"]}}],"collection":[{"href":"https:\/\/ebetcursos.com.br\/index.php?rest_route=\/wp\/v2\/product"}],"about":[{"href":"https:\/\/ebetcursos.com.br\/index.php?rest_route=\/wp\/v2\/types\/product"}],"replies":[{"embeddable":true,"href":"https:\/\/ebetcursos.com.br\/index.php?rest_route=%2Fwp%2Fv2%2Fcomments&post=872"}],"wp:featuredmedia":[{"embeddable":true,"href":"https:\/\/ebetcursos.com.br\/index.php?rest_route=\/wp\/v2\/media\/873"}],"wp:attachment":[{"href":"https:\/\/ebetcursos.com.br\/index.php?rest_route=%2Fwp%2Fv2%2Fmedia&parent=872"}],"wp:term":[{"taxonomy":"product_cat","embeddable":true,"href":"https:\/\/ebetcursos.com.br\/index.php?rest_route=%2Fwp%2Fv2%2Fproduct_cat&post=872"},{"taxonomy":"product_tag","embeddable":true,"href":"https:\/\/ebetcursos.com.br\/index.php?rest_route=%2Fwp%2Fv2%2Fproduct_tag&post=872"}],"curies":[{"name":"wp","href":"https:\/\/api.w.org\/{rel}","templated":true}]}}