{"id":901,"date":"2024-08-19T15:23:34","date_gmt":"2024-08-19T18:23:34","guid":{"rendered":"https:\/\/ebetcursos.com.br\/?post_type=product&#038;p=901"},"modified":"2024-08-19T15:39:20","modified_gmt":"2024-08-19T18:39:20","slug":"planilha-para-locacao-de-imoveis","status":"publish","type":"product","link":"https:\/\/ebetcursos.com.br\/?product=planilha-para-locacao-de-imoveis","title":{"rendered":"Planilha para loca\u00e7\u00e3o de im\u00f3veis"},"content":{"rendered":"","protected":false},"excerpt":{"rendered":"<p>Controle e relat\u00f3rios de loca\u00e7\u00f5es, Relat\u00f3rio de vencimentos, extrato geral repasse ao propriet\u00e1rio, Relat\u00f3rio de im\u00f3veis, Recibos. Taxa administrativa, administra\u00e7\u00e3o dos custos do im\u00f3vel vazio.<\/p>\n<p>Administra\u00e7\u00e3o de condom\u00ednios. Lembrete de vencimento de contratos e comiss\u00f5es a receber e a pagar, c\u00e1lculo de juros, multa e reajustes, foto dos relat\u00f3rios. Receitas e gr\u00e1ficos por im\u00f3vel e por propriet\u00e1rios.<\/p>\n","protected":false},"featured_media":902,"comment_status":"open","ping_status":"closed","template":"","meta":[],"product_cat":[33],"product_tag":[],"class_list":{"0":"post-901","1":"product","2":"type-product","3":"status-publish","4":"has-post-thumbnail","6":"product_cat-afiliacoes","8":"first","9":"instock","10":"shipping-taxable","11":"product-type-external"},"_links":{"self":[{"href":"https:\/\/ebetcursos.com.br\/index.php?rest_route=\/wp\/v2\/product\/901","targetHints":{"allow":["GET"]}}],"collection":[{"href":"https:\/\/ebetcursos.com.br\/index.php?rest_route=\/wp\/v2\/product"}],"about":[{"href":"https:\/\/ebetcursos.com.br\/index.php?rest_route=\/wp\/v2\/types\/product"}],"replies":[{"embeddable":true,"href":"https:\/\/ebetcursos.com.br\/index.php?rest_route=%2Fwp%2Fv2%2Fcomments&post=901"}],"wp:featuredmedia":[{"embeddable":true,"href":"https:\/\/ebetcursos.com.br\/index.php?rest_route=\/wp\/v2\/media\/902"}],"wp:attachment":[{"href":"https:\/\/ebetcursos.com.br\/index.php?rest_route=%2Fwp%2Fv2%2Fmedia&parent=901"}],"wp:term":[{"taxonomy":"product_cat","embeddable":true,"href":"https:\/\/ebetcursos.com.br\/index.php?rest_route=%2Fwp%2Fv2%2Fproduct_cat&post=901"},{"taxonomy":"product_tag","embeddable":true,"href":"https:\/\/ebetcursos.com.br\/index.php?rest_route=%2Fwp%2Fv2%2Fproduct_tag&post=901"}],"curies":[{"name":"wp","href":"https:\/\/api.w.org\/{rel}","templated":true}]}}