{"id":906,"date":"2024-09-19T10:10:00","date_gmt":"2024-09-19T13:10:00","guid":{"rendered":"https:\/\/ebetcursos.com.br\/?post_type=product&#038;p=906"},"modified":"2024-09-19T10:53:11","modified_gmt":"2024-09-19T13:53:11","slug":"metodo-barba-perfeita-nanoblading","status":"publish","type":"product","link":"https:\/\/ebetcursos.com.br\/?product=metodo-barba-perfeita-nanoblading","title":{"rendered":"M\u00e9todo Barba Perfeita &#8211; Nanoblading"},"content":{"rendered":"<p>Conte\u00fado Program\u00e1tico <\/p>\n<p>&#8211; P\u00fablico-Alvo do Procedimento<br \/>&#8211; Avalia\u00e7\u00e3o Inicial<br \/>&#8211; Hist\u00f3rico do Paciente<br \/>&#8211; Contraindica\u00e7\u00f5es ao Procedimento<br \/>&#8211; Introdu\u00e7\u00e3o \u00e0 Micropigmenta\u00e7\u00e3o<br \/>&#8211; Microblading vs. Nanoblading<br \/>&#8211; Variedades de L\u00e2minas<br \/>&#8211; Compreendendo a Pele<br \/>&#8211; Os Quatro Passos do Pilares Minimalista<br \/>&#8211; Classifica\u00e7\u00e3o dos Tipos de Pele<br \/>&#8211; Cicatriza\u00e7\u00e3o: Fases e Processos<br \/>&#8211; Cuidados Ap\u00f3s o Procedimento<br \/>&#8211; Colometria e Pigmentologia: Conceitos B\u00e1sicos<br \/>&#8211; Tipos de Pigmentos<br \/>&#8211; Princ\u00edpios de Bioseguran\u00e7a<br \/>&#8211; Pr\u00e1tica Pele Sint\u00e9tica <br \/>&#8211; Pr\u00e1tica com Paciente Modelo<\/p>\n","protected":false},"excerpt":{"rendered":"<p><strong>ransforme sua Carreira com o Curso de Nanoblading para Barba!<\/strong><br \/>Aproveite a oportunidade de se especializar no que h\u00e1 de melhor no mercado! Aprenda as t\u00e9cnicas mais inovadoras de Nanoblading e destaque-se como um profissional de refer\u00eancia. Venha elevar suas habilidades e oferecer um servi\u00e7o de alta qualidade aos seus clientes.<\/p>\n","protected":false},"featured_media":905,"comment_status":"open","ping_status":"closed","template":"","meta":[],"product_cat":[31],"product_tag":[],"class_list":{"0":"post-906","1":"product","2":"type-product","3":"status-publish","4":"has-post-thumbnail","6":"product_cat-cursos-livres","8":"first","9":"instock","10":"shipping-taxable","11":"product-type-external"},"_links":{"self":[{"href":"https:\/\/ebetcursos.com.br\/index.php?rest_route=\/wp\/v2\/product\/906","targetHints":{"allow":["GET"]}}],"collection":[{"href":"https:\/\/ebetcursos.com.br\/index.php?rest_route=\/wp\/v2\/product"}],"about":[{"href":"https:\/\/ebetcursos.com.br\/index.php?rest_route=\/wp\/v2\/types\/product"}],"replies":[{"embeddable":true,"href":"https:\/\/ebetcursos.com.br\/index.php?rest_route=%2Fwp%2Fv2%2Fcomments&post=906"}],"wp:featuredmedia":[{"embeddable":true,"href":"https:\/\/ebetcursos.com.br\/index.php?rest_route=\/wp\/v2\/media\/905"}],"wp:attachment":[{"href":"https:\/\/ebetcursos.com.br\/index.php?rest_route=%2Fwp%2Fv2%2Fmedia&parent=906"}],"wp:term":[{"taxonomy":"product_cat","embeddable":true,"href":"https:\/\/ebetcursos.com.br\/index.php?rest_route=%2Fwp%2Fv2%2Fproduct_cat&post=906"},{"taxonomy":"product_tag","embeddable":true,"href":"https:\/\/ebetcursos.com.br\/index.php?rest_route=%2Fwp%2Fv2%2Fproduct_tag&post=906"}],"curies":[{"name":"wp","href":"https:\/\/api.w.org\/{rel}","templated":true}]}}